{"id":139,"date":"2023-12-21T18:07:42","date_gmt":"2023-12-21T17:07:42","guid":{"rendered":"https:\/\/elenacarvajal.art\/?page_id=139"},"modified":"2023-12-27T10:08:55","modified_gmt":"2023-12-27T09:08:55","slug":"accueil-francais","status":"publish","type":"page","link":"https:\/\/elenacarvajal.art\/?page_id=139&lang=fr","title":{"rendered":"Accueil &#8211; Fran\u00e7ais"},"content":{"rendered":"\n<div class=\"wp-block-group is-content-justification-space-between is-nowrap is-layout-flex wp-container-core-group-is-layout-0dfbf163 wp-block-group-is-layout-flex\">\n<figure class=\"wp-block-image size-full is-resized\"><a href=\"https:\/\/open.spotify.com\/intl-fr\/artist\/2ud9Jxik3u06Vuyeyhs1Nr\" target=\"_blank\" rel=\"noopener\"><img loading=\"lazy\" decoding=\"async\" width=\"225\" height=\"225\" src=\"https:\/\/elenacarvajal.art\/wp-content\/uploads\/2023\/12\/spotify.png\" alt=\"\" class=\"wp-image-272\" style=\"width:49px;height:auto\" srcset=\"https:\/\/elenacarvajal.art\/wp-content\/uploads\/2023\/12\/spotify.png 225w, https:\/\/elenacarvajal.art\/wp-content\/uploads\/2023\/12\/spotify-150x150.png 150w, https:\/\/elenacarvajal.art\/wp-content\/uploads\/2023\/12\/spotify-100x100.png 100w\" sizes=\"auto, (max-width: 225px) 100vw, 225px\" \/><\/a><\/figure>\n\n\n\n<figure class=\"wp-block-image size-full is-resized\"><a href=\"https:\/\/www.deezer.com\/fr\/artist\/94317882\" target=\"_blank\" rel=\"noopener\"><img loading=\"lazy\" decoding=\"async\" width=\"207\" height=\"243\" src=\"https:\/\/elenacarvajal.art\/wp-content\/uploads\/2023\/12\/deezer.png\" alt=\"\" class=\"wp-image-273\" style=\"width:43px;height:auto\"\/><\/a><\/figure>\n\n\n\n<figure class=\"wp-block-image size-full is-resized\"><a href=\"https:\/\/music.apple.com\/cl\/album\/colores-de-venezuela-vol-1\/1722007014\" target=\"_blank\" rel=\"noopener\"><img loading=\"lazy\" decoding=\"async\" width=\"722\" height=\"722\" src=\"https:\/\/elenacarvajal.art\/wp-content\/uploads\/2023\/12\/Apple.png\" alt=\"\" class=\"wp-image-276\" style=\"width:44px;height:auto\" srcset=\"https:\/\/elenacarvajal.art\/wp-content\/uploads\/2023\/12\/Apple.png 722w, https:\/\/elenacarvajal.art\/wp-content\/uploads\/2023\/12\/Apple-300x300.png 300w, https:\/\/elenacarvajal.art\/wp-content\/uploads\/2023\/12\/Apple-150x150.png 150w, https:\/\/elenacarvajal.art\/wp-content\/uploads\/2023\/12\/Apple-100x100.png 100w\" sizes=\"auto, (max-width: 722px) 100vw, 722px\" \/><\/a><\/figure>\n\n\n\n<figure class=\"wp-block-image size-full is-resized\"><a href=\"https:\/\/www.youtube.com\/channel\/UCEyjWAW4MwTs_nkFFBCKvVg\" target=\"_blank\" rel=\"noopener\"><img loading=\"lazy\" decoding=\"async\" width=\"275\" height=\"183\" src=\"https:\/\/elenacarvajal.art\/wp-content\/uploads\/2023\/12\/youtube.jpg\" alt=\"\" class=\"wp-image-277\" style=\"width:69px;height:auto\"\/><\/a><\/figure>\n<\/div>\n\n\n\n<div style=\"height:50px\" aria-hidden=\"true\" class=\"wp-block-spacer\"><\/div>\n\n\n\n<figure class=\"wp-block-embed aligncenter is-type-rich is-provider-spotify wp-block-embed-spotify wp-embed-aspect-21-9 wp-has-aspect-ratio\"><div class=\"wp-block-embed__wrapper\">\n<iframe title=\"Spotify Embed: Elena Carvajal\" style=\"border-radius: 12px\" width=\"100%\" height=\"352\" frameborder=\"0\" allowfullscreen allow=\"autoplay; clipboard-write; encrypted-media; fullscreen; picture-in-picture\" loading=\"lazy\" src=\"https:\/\/open.spotify.com\/embed\/artist\/2ud9Jxik3u06Vuyeyhs1Nr?si=Px00ifP1RuquY5V7quMahQ&#038;utm_source=oembed\"><\/iframe>\n<\/div><figcaption class=\"wp-element-caption\"><strong><em><mark style=\"background-color:rgba(0, 0, 0, 0);color:#4f7c96\" class=\"has-inline-color\">Musique traditionnelle et populaire du Venezuela<\/mark><\/em><\/strong><\/figcaption><\/figure>\n\n\n\n<figure class=\"wp-block-image size-full\"><img loading=\"lazy\" decoding=\"async\" width=\"811\" height=\"577\" src=\"https:\/\/elenacarvajal.art\/wp-content\/uploads\/2023\/12\/image.png\" alt=\"\" class=\"wp-image-21\" srcset=\"https:\/\/elenacarvajal.art\/wp-content\/uploads\/2023\/12\/image.png 811w, https:\/\/elenacarvajal.art\/wp-content\/uploads\/2023\/12\/image-300x213.png 300w, https:\/\/elenacarvajal.art\/wp-content\/uploads\/2023\/12\/image-768x546.png 768w\" sizes=\"auto, (max-width: 767px) 89vw, (max-width: 1000px) 54vw, (max-width: 1071px) 543px, 580px\" \/><\/figure>\n\n\n\n<p><\/p>\n\n\n\n<p><\/p>\n\n\n\n<hr class=\"wp-block-separator has-alpha-channel-opacity\"\/>\n\n\n\n<p>Oui, la musique du Venezuela est comme \u00e7a : pleine de couleurs et de nuances, comme sa g\u00e9ographie, ses paysages et ses gens&#8230; Et oui, je n&rsquo;avais jamais fait de musique avec autant de d\u00e9termination depuis mon arriv\u00e9e ici. La musique est peut-\u00eatre mon cordon ombilical, ce qui me relie \u00e0 l\u2019origine.&nbsp; Cet album fait partie de mon chemin.<\/p>\n\n\n\n<p>Ma vie musicale parisienne est aussi pleine de couleurs et de rencontres fondatrices. Je voudrais \u00e9voquer ici ma relation musicale et mon amiti\u00e9 avec Crist\u00f3bal : quand je l&rsquo;ai rencontr\u00e9, je ne savais pas ce qui m&rsquo;attendait, ouf, quelle histoire !<\/p>\n\n\n\n<p>Aujourd&rsquo;hui, je voudrais partager avec vous quelques chansons que j&rsquo;ai toujours chant\u00e9es, d&rsquo;autres que je n&rsquo;avais pas encore chant\u00e9es, et m\u00eame certaines qui attendaient de voir le jour.<\/p>\n\n\n\n<p>Ce projet \u00ab\u00a0Colores de Venezuela\u00a0\u00bb me laisse des souvenirs d\u2019une valeur inestimable et de nombreux enseignements. Je suis tout particuli\u00e8rement reconnaissant envers Manuel : merci pour ton exigence et ta patience, ce projet doit beaucoup \u00e0 ton grand talent. Dari (un rayon de soleil dans le studio), merci pour ta pr\u00e9sence encourageante et aimante : ta voix comme un guide. Caro, carrefour de vies et de circonstances : nous avions un petit fil qui nous unissait et nous ne le savions pas !<\/p>\n\n\n\n<p>Je voudrais terminer ces mots en remerciant Marco pour son obstination : le \u00ab\u00a0coupable\u00a0\u00bb de tout cela.<\/p>\n\n\n\n<p>Elena Carvajal <br>Paris, d\u00e9cembre 2023<\/p>\n\n\n<div class=\"wp-block-image\">\n<figure class=\"aligncenter size-large is-resized\"><img loading=\"lazy\" decoding=\"async\" width=\"731\" height=\"1024\" src=\"http:\/\/elenacarvajal.art\/wp-content\/uploads\/2023\/12\/Elena-2C-731x1024.jpg\" alt=\"\" class=\"wp-image-368\" style=\"width:312px;height:auto\" srcset=\"https:\/\/elenacarvajal.art\/wp-content\/uploads\/2023\/12\/Elena-2C-731x1024.jpg 731w, https:\/\/elenacarvajal.art\/wp-content\/uploads\/2023\/12\/Elena-2C-214x300.jpg 214w, https:\/\/elenacarvajal.art\/wp-content\/uploads\/2023\/12\/Elena-2C-768x1076.jpg 768w, https:\/\/elenacarvajal.art\/wp-content\/uploads\/2023\/12\/Elena-2C-1097x1536.jpg 1097w, https:\/\/elenacarvajal.art\/wp-content\/uploads\/2023\/12\/Elena-2C.jpg 1181w\" sizes=\"auto, (max-width: 731px) 100vw, 731px\" \/><\/figure>\n<\/div>\n\n\n<p><\/p>\n\n\n\n<hr class=\"wp-block-separator has-alpha-channel-opacity\"\/>\n\n\n\n<p><\/p>\n\n\n\n<p>\u201cColores de Venezuela\u201d d&rsquo;Elena Carvajal est un kal\u00e9idoscope de tout ce que la musique et les musiciens v\u00e9n\u00e9zu\u00e9liens offre de meilleur et de plus vari\u00e9.<\/p>\n\n\n\n<p>\u201cColores de Venezuela\u201d comprend non seulement les genres les plus connus de notre pays, comme les valses, les merengues, les tonadas, les pasajes et les joropos llaneros&#8230; mais aussi un grand nombre de genres peu connus, comme les puntos (redobla&rsquo;o et cruzao) et le joropo oriental, le calypso et la ful\u00eda. Bref, plus de 15 genres diff\u00e9rents de notre musique v\u00e9n\u00e9zu\u00e9lienne.<\/p>\n\n\n\n<p>Dans \u201cColores de Venezuela\u201d, Elena propose, chante, pr\u00e9sente notre musique et nous donne \u00e9galement un petit \u00e9chantillon de sa cr\u00e9ativit\u00e9, en \u00e9crivant les paroles de tr\u00e8s beaux th\u00e8mes comme \u201cDos puntos y&#8230;\u201d, \u201cDe P\u00edritu pa&rsquo;ll\u00e1\u201d, \u201cAmaranta\u201d&#8230; ou avec la composition de la danza zuliana \u201cTodav\u00eda\u201d, paroles et musique d&rsquo;Elena.<\/p>\n\n\n\n<p>Elena vit \u00e0 Paris, et c&rsquo;est de l\u00e0 que sa belle voix, la chaleur de ses interpr\u00e9tations, ainsi que sa passion et son engagement ont permis \u00e0 de grands musiciens de notre musique v\u00e9n\u00e9zu\u00e9lienne, originaires de diff\u00e9rentes villes du monde, de l&rsquo;accompagner en jouant, en arrangeant et en enregistrant pour elle dans le cadre de ce beau projet. Un travail titanesque !<\/p>\n\n\n\n<p>Elena, je te f\u00e9licite et te remercie profond\u00e9ment, toi et tous ceux qui t&rsquo;ont accompagn\u00e9e, pour ce cadeau inestimable aux amoureux de notre pays et de notre musique v\u00e9n\u00e9zu\u00e9lienne.<\/p>\n\n\n\n<p><a href=\"https:\/\/www.instagram.com\/4ngelmartinez\/\" data-type=\"link\" data-id=\"https:\/\/www.instagram.com\/4ngelmartinez\/\" target=\"\u201d_blank\u201d\" rel=\"noopener\">\u00c1ngel Mart\u00ednez<\/a><br>Caracas, d\u00e9cembre 2023<\/p>\n","protected":false},"excerpt":{"rendered":"<p>Oui, la musique du Venezuela est comme \u00e7a : pleine de couleurs et de nuances, comme sa g\u00e9ographie, ses paysages et ses gens&#8230; Et oui, je n&rsquo;avais jamais fait de musique avec autant de d\u00e9termination depuis mon arriv\u00e9e ici. La musique est peut-\u00eatre mon cordon ombilical, ce qui me relie \u00e0 l\u2019origine.&nbsp; Cet album fait &hellip; <\/p>\n<p class=\"link-more\"><a href=\"https:\/\/elenacarvajal.art\/?page_id=139&#038;lang=fr\" class=\"more-link\">Continuer la lecture<span class=\"screen-reader-text\"> de &laquo;&nbsp;Accueil &#8211; Fran\u00e7ais&nbsp;&raquo;<\/span><\/a><\/p>\n","protected":false},"author":1,"featured_media":0,"parent":0,"menu_order":0,"comment_status":"closed","ping_status":"closed","template":"","meta":{"footnotes":""},"class_list":["post-139","page","type-page","status-publish","hentry"],"yoast_head":"<!-- This site is optimized with the Yoast SEO plugin v21.7 - https:\/\/yoast.com\/wordpress\/plugins\/seo\/ -->\n<title>Accueil - Fran\u00e7ais - Colores de Venezuela<\/title>\n<meta name=\"robots\" content=\"index, follow, max-snippet:-1, max-image-preview:large, max-video-preview:-1\" \/>\n<link rel=\"canonical\" href=\"https:\/\/elenacarvajal.art\/?page_id=139&lang=fr\" \/>\n<meta property=\"og:locale\" content=\"fr_FR\" \/>\n<meta property=\"og:type\" content=\"article\" \/>\n<meta property=\"og:title\" content=\"Accueil - Fran\u00e7ais - Colores de Venezuela\" \/>\n<meta property=\"og:description\" content=\"Oui, la musique du Venezuela est comme \u00e7a : pleine de couleurs et de nuances, comme sa g\u00e9ographie, ses paysages et ses gens&#8230; Et oui, je n&rsquo;avais jamais fait de musique avec autant de d\u00e9termination depuis mon arriv\u00e9e ici. La musique est peut-\u00eatre mon cordon ombilical, ce qui me relie \u00e0 l\u2019origine.&nbsp; Cet album fait &hellip; Continuer la lecture de &laquo;&nbsp;Accueil &#8211; Fran\u00e7ais&nbsp;&raquo;\" \/>\n<meta property=\"og:url\" content=\"https:\/\/elenacarvajal.art\/?page_id=139&amp;lang=fr\" \/>\n<meta property=\"og:site_name\" content=\"Colores de Venezuela\" \/>\n<meta property=\"article:modified_time\" content=\"2023-12-27T09:08:55+00:00\" \/>\n<meta property=\"og:image\" content=\"https:\/\/elenacarvajal.art\/wp-content\/uploads\/2023\/12\/spotify.png\" \/>\n<meta name=\"twitter:card\" content=\"summary_large_image\" \/>\n<meta name=\"twitter:label1\" content=\"Dur\u00e9e de lecture estim\u00e9e\" \/>\n\t<meta name=\"twitter:data1\" content=\"3 minutes\" \/>\n<script type=\"application\/ld+json\" class=\"yoast-schema-graph\">{\"@context\":\"https:\/\/schema.org\",\"@graph\":[{\"@type\":\"WebPage\",\"@id\":\"https:\/\/elenacarvajal.art\/?page_id=139&lang=fr\",\"url\":\"https:\/\/elenacarvajal.art\/?page_id=139&lang=fr\",\"name\":\"Accueil - Fran\u00e7ais - Colores de Venezuela\",\"isPartOf\":{\"@id\":\"https:\/\/elenacarvajal.art\/#website\"},\"datePublished\":\"2023-12-21T17:07:42+00:00\",\"dateModified\":\"2023-12-27T09:08:55+00:00\",\"breadcrumb\":{\"@id\":\"https:\/\/elenacarvajal.art\/?page_id=139&lang=fr#breadcrumb\"},\"inLanguage\":\"fr-FR\",\"potentialAction\":[{\"@type\":\"ReadAction\",\"target\":[\"https:\/\/elenacarvajal.art\/?page_id=139&lang=fr\"]}]},{\"@type\":\"BreadcrumbList\",\"@id\":\"https:\/\/elenacarvajal.art\/?page_id=139&lang=fr#breadcrumb\",\"itemListElement\":[{\"@type\":\"ListItem\",\"position\":1,\"name\":\"Accueil\",\"item\":\"https:\/\/elenacarvajal.art\/\"},{\"@type\":\"ListItem\",\"position\":2,\"name\":\"Accueil &#8211; Fran\u00e7ais\"}]},{\"@type\":\"WebSite\",\"@id\":\"https:\/\/elenacarvajal.art\/#website\",\"url\":\"https:\/\/elenacarvajal.art\/\",\"name\":\"Colores de Venezuela\",\"description\":\"Elena Carvajal\",\"publisher\":{\"@id\":\"https:\/\/elenacarvajal.art\/#organization\"},\"potentialAction\":[{\"@type\":\"SearchAction\",\"target\":{\"@type\":\"EntryPoint\",\"urlTemplate\":\"https:\/\/elenacarvajal.art\/?s={search_term_string}\"},\"query-input\":\"required name=search_term_string\"}],\"inLanguage\":\"fr-FR\"},{\"@type\":\"Organization\",\"@id\":\"https:\/\/elenacarvajal.art\/#organization\",\"name\":\"Colores de Venezuela\",\"url\":\"https:\/\/elenacarvajal.art\/\",\"logo\":{\"@type\":\"ImageObject\",\"inLanguage\":\"fr-FR\",\"@id\":\"https:\/\/elenacarvajal.art\/#\/schema\/logo\/image\/\",\"url\":\"http:\/\/elenacarvajal.art\/wp-content\/uploads\/2023\/12\/Colores-de-Venezuela-couv2KO.jpg\",\"contentUrl\":\"http:\/\/elenacarvajal.art\/wp-content\/uploads\/2023\/12\/Colores-de-Venezuela-couv2KO.jpg\",\"width\":1701,\"height\":1701,\"caption\":\"Colores de Venezuela\"},\"image\":{\"@id\":\"https:\/\/elenacarvajal.art\/#\/schema\/logo\/image\/\"}}]}<\/script>\n<!-- \/ Yoast SEO plugin. -->","yoast_head_json":{"title":"Accueil - Fran\u00e7ais - Colores de Venezuela","robots":{"index":"index","follow":"follow","max-snippet":"max-snippet:-1","max-image-preview":"max-image-preview:large","max-video-preview":"max-video-preview:-1"},"canonical":"https:\/\/elenacarvajal.art\/?page_id=139&lang=fr","og_locale":"fr_FR","og_type":"article","og_title":"Accueil - Fran\u00e7ais - Colores de Venezuela","og_description":"Oui, la musique du Venezuela est comme \u00e7a : pleine de couleurs et de nuances, comme sa g\u00e9ographie, ses paysages et ses gens&#8230; Et oui, je n&rsquo;avais jamais fait de musique avec autant de d\u00e9termination depuis mon arriv\u00e9e ici. La musique est peut-\u00eatre mon cordon ombilical, ce qui me relie \u00e0 l\u2019origine.&nbsp; Cet album fait &hellip; Continuer la lecture de &laquo;&nbsp;Accueil &#8211; Fran\u00e7ais&nbsp;&raquo;","og_url":"https:\/\/elenacarvajal.art\/?page_id=139&lang=fr","og_site_name":"Colores de Venezuela","article_modified_time":"2023-12-27T09:08:55+00:00","og_image":[{"url":"https:\/\/elenacarvajal.art\/wp-content\/uploads\/2023\/12\/spotify.png"}],"twitter_card":"summary_large_image","twitter_misc":{"Dur\u00e9e de lecture estim\u00e9e":"3 minutes"},"schema":{"@context":"https:\/\/schema.org","@graph":[{"@type":"WebPage","@id":"https:\/\/elenacarvajal.art\/?page_id=139&lang=fr","url":"https:\/\/elenacarvajal.art\/?page_id=139&lang=fr","name":"Accueil - Fran\u00e7ais - Colores de Venezuela","isPartOf":{"@id":"https:\/\/elenacarvajal.art\/#website"},"datePublished":"2023-12-21T17:07:42+00:00","dateModified":"2023-12-27T09:08:55+00:00","breadcrumb":{"@id":"https:\/\/elenacarvajal.art\/?page_id=139&lang=fr#breadcrumb"},"inLanguage":"fr-FR","potentialAction":[{"@type":"ReadAction","target":["https:\/\/elenacarvajal.art\/?page_id=139&lang=fr"]}]},{"@type":"BreadcrumbList","@id":"https:\/\/elenacarvajal.art\/?page_id=139&lang=fr#breadcrumb","itemListElement":[{"@type":"ListItem","position":1,"name":"Accueil","item":"https:\/\/elenacarvajal.art\/"},{"@type":"ListItem","position":2,"name":"Accueil &#8211; Fran\u00e7ais"}]},{"@type":"WebSite","@id":"https:\/\/elenacarvajal.art\/#website","url":"https:\/\/elenacarvajal.art\/","name":"Colores de Venezuela","description":"Elena Carvajal","publisher":{"@id":"https:\/\/elenacarvajal.art\/#organization"},"potentialAction":[{"@type":"SearchAction","target":{"@type":"EntryPoint","urlTemplate":"https:\/\/elenacarvajal.art\/?s={search_term_string}"},"query-input":"required name=search_term_string"}],"inLanguage":"fr-FR"},{"@type":"Organization","@id":"https:\/\/elenacarvajal.art\/#organization","name":"Colores de Venezuela","url":"https:\/\/elenacarvajal.art\/","logo":{"@type":"ImageObject","inLanguage":"fr-FR","@id":"https:\/\/elenacarvajal.art\/#\/schema\/logo\/image\/","url":"http:\/\/elenacarvajal.art\/wp-content\/uploads\/2023\/12\/Colores-de-Venezuela-couv2KO.jpg","contentUrl":"http:\/\/elenacarvajal.art\/wp-content\/uploads\/2023\/12\/Colores-de-Venezuela-couv2KO.jpg","width":1701,"height":1701,"caption":"Colores de Venezuela"},"image":{"@id":"https:\/\/elenacarvajal.art\/#\/schema\/logo\/image\/"}}]}},"_links":{"self":[{"href":"https:\/\/elenacarvajal.art\/index.php?rest_route=\/wp\/v2\/pages\/139","targetHints":{"allow":["GET"]}}],"collection":[{"href":"https:\/\/elenacarvajal.art\/index.php?rest_route=\/wp\/v2\/pages"}],"about":[{"href":"https:\/\/elenacarvajal.art\/index.php?rest_route=\/wp\/v2\/types\/page"}],"author":[{"embeddable":true,"href":"https:\/\/elenacarvajal.art\/index.php?rest_route=\/wp\/v2\/users\/1"}],"replies":[{"embeddable":true,"href":"https:\/\/elenacarvajal.art\/index.php?rest_route=%2Fwp%2Fv2%2Fcomments&post=139"}],"version-history":[{"count":11,"href":"https:\/\/elenacarvajal.art\/index.php?rest_route=\/wp\/v2\/pages\/139\/revisions"}],"predecessor-version":[{"id":516,"href":"https:\/\/elenacarvajal.art\/index.php?rest_route=\/wp\/v2\/pages\/139\/revisions\/516"}],"wp:attachment":[{"href":"https:\/\/elenacarvajal.art\/index.php?rest_route=%2Fwp%2Fv2%2Fmedia&parent=139"}],"curies":[{"name":"wp","href":"https:\/\/api.w.org\/{rel}","templated":true}]}}